{"id":677,"date":"2026-03-26T18:12:24","date_gmt":"2026-03-26T18:12:24","guid":{"rendered":"https:\/\/labeconomia.uaaan.edu.mx\/?page_id=677"},"modified":"2026-03-27T00:26:12","modified_gmt":"2026-03-27T00:26:12","slug":"miel-proyecto","status":"publish","type":"page","link":"https:\/\/labeconomia.uaaan.edu.mx\/index.php\/miel-proyecto\/","title":{"rendered":"Miel &#8211; Proyecto en colaboraci\u00f3n"},"content":{"rendered":"\t\t<div data-elementor-type=\"wp-page\" data-elementor-id=\"677\" class=\"elementor elementor-677\" data-elementor-post-type=\"page\">\n\t\t\t\t<div class=\"elementor-element elementor-element-72b29fc e-flex e-con-boxed e-con e-parent\" data-id=\"72b29fc\" data-element_type=\"container\" data-e-type=\"container\">\n\t\t\t\t\t<div class=\"e-con-inner\">\n\t\t\t\t<div class=\"elementor-element elementor-element-b41d80f elementor-widget elementor-widget-heading\" data-id=\"b41d80f\" data-element_type=\"widget\" data-e-type=\"widget\" data-widget_type=\"heading.default\">\n\t\t\t\t\t<h3 class=\"elementor-heading-title elementor-size-default\">Proyecto PEE-2025-G-164 \u2013 Secihti \u201cLos secretos detr\u00e1s de la miel: ADN de la miel y las \u00e1reas de oportunidad para fortalecer el desarrollo productivo ap\u00edcola y su contribuci\u00f3n al turismo comunitario\u201d <\/h3>\t\t\t\t<\/div>\n\t\t\t\t<div class=\"elementor-element elementor-element-c4bfce3 elementor-widget-divider--view-line elementor-widget elementor-widget-divider\" data-id=\"c4bfce3\" data-element_type=\"widget\" data-e-type=\"widget\" data-widget_type=\"divider.default\">\n\t\t\t\t\t\t\t<div class=\"elementor-divider\">\n\t\t\t<span class=\"elementor-divider-separator\">\n\t\t\t\t\t\t<\/span>\n\t\t<\/div>\n\t\t\t\t\t\t<\/div>\n\t\t<div class=\"elementor-element elementor-element-2a9b3b5 e-grid e-con-full e-con e-child\" data-id=\"2a9b3b5\" data-element_type=\"container\" data-e-type=\"container\">\n\t\t\t\t<div class=\"elementor-element elementor-element-c930e6c elementor-widget elementor-widget-heading\" data-id=\"c930e6c\" data-element_type=\"widget\" data-e-type=\"widget\" data-widget_type=\"heading.default\">\n\t\t\t\t\t<div class=\"elementor-heading-title elementor-size-default\">DRA. MARIELA BEATRIZ REYES SOSA\t<br><span style=\"font-weight:400\">RESPONSABLE T\u00c9CNICA<\/span>\nmariela.reyes@correo.uady.mx<\/div>\t\t\t\t<\/div>\n\t\t\t\t<div class=\"elementor-element elementor-element-e567ac7 elementor-widget elementor-widget-heading\" data-id=\"e567ac7\" data-element_type=\"widget\" data-e-type=\"widget\" data-widget_type=\"heading.default\">\n\t\t\t\t\t<h6 class=\"elementor-heading-title elementor-size-default\">DR. JORGE ISMAEL TUCUCH HAAS<br><span style=\"font-weight:400\">Colaborador<\/span><\/h6>\t\t\t\t<\/div>\n\t\t\t\t<div class=\"elementor-element elementor-element-14d12c1 elementor-widget elementor-widget-heading\" data-id=\"14d12c1\" data-element_type=\"widget\" data-e-type=\"widget\" data-widget_type=\"heading.default\">\n\t\t\t\t\t<h6 class=\"elementor-heading-title elementor-size-default\">DR. JOSE ELIAS MEDRANO GUTIERREZS<br><span style=\"font-weight:400\">Colaborador<\/span><\/h6>\t\t\t\t<\/div>\n\t\t\t\t<div class=\"elementor-element elementor-element-ed3f0ff elementor-widget elementor-widget-heading\" data-id=\"ed3f0ff\" data-element_type=\"widget\" data-e-type=\"widget\" data-widget_type=\"heading.default\">\n\t\t\t\t\t<h6 class=\"elementor-heading-title elementor-size-default\">DR. GONZALO ABELINO TORRES<br><span style=\"font-weight:400\">Colaborador<\/span><\/h6>\t\t\t\t<\/div>\n\t\t\t\t<div class=\"elementor-element elementor-element-8107fc5 elementor-widget elementor-widget-heading\" data-id=\"8107fc5\" data-element_type=\"widget\" data-e-type=\"widget\" data-widget_type=\"heading.default\">\n\t\t\t\t\t<h6 class=\"elementor-heading-title elementor-size-default\">DR. ARIEL VAZQUEZ ELORZA<br><span style=\"font-weight:400\">Colaborador<\/span>\nariel.vazquez@uaaan.edu.mx<\/h6>\t\t\t\t<\/div>\n\t\t\t\t<div class=\"elementor-element elementor-element-a826b5c elementor-widget elementor-widget-heading\" data-id=\"a826b5c\" data-element_type=\"widget\" data-e-type=\"widget\" data-widget_type=\"heading.default\">\n\t\t\t\t\t<h6 class=\"elementor-heading-title elementor-size-default\">DR. MARIELY JOSCELYN REYES SOSA<br><span style=\"font-weight:400\">Colaborador<\/span><\/h6>\t\t\t\t<\/div>\n\t\t\t\t<div class=\"elementor-element elementor-element-81a2672 elementor-widget elementor-widget-heading\" data-id=\"81a2672\" data-element_type=\"widget\" data-e-type=\"widget\" data-widget_type=\"heading.default\">\n\t\t\t\t\t<h6 class=\"elementor-heading-title elementor-size-default\">DR. MARIA JESICA ZAVALA PINEDA<br><span style=\"font-weight:400\">Colaborador<\/span><\/h6>\t\t\t\t<\/div>\n\t\t\t\t<div class=\"elementor-element elementor-element-15dee9a elementor-widget elementor-widget-heading\" data-id=\"15dee9a\" data-element_type=\"widget\" data-e-type=\"widget\" data-widget_type=\"heading.default\">\n\t\t\t\t\t<h6 class=\"elementor-heading-title elementor-size-default\">DR. RUBEN GUILLERMO MEDINA HERNANDEZ<br><span style=\"font-weight:400\">Colaborador<\/span><\/h6>\t\t\t\t<\/div>\n\t\t\t\t<\/div>\n\t\t\t\t<div class=\"elementor-element elementor-element-f2cd4b2 elementor-widget elementor-widget-image\" data-id=\"f2cd4b2\" data-element_type=\"widget\" data-e-type=\"widget\" data-widget_type=\"image.default\">\n\t\t\t\t\t\t\t\t\t\t\t\t\t\t\t\t<a href=\"https:\/\/docs.google.com\/forms\/d\/1ba2aGsz0JuZz8aB9kIZxgIMOaj6HnvYlAmXnE_ZAPBM\/edit?usp=sharing_eil&#038;ts=69c57082\" target=\"_blank\">\n\t\t\t\t\t\t\t<img fetchpriority=\"high\" decoding=\"async\" width=\"300\" height=\"300\" src=\"https:\/\/labeconomia.uaaan.edu.mx\/wp-content\/uploads\/2026\/03\/Encuesta-300x300.png\" class=\"attachment-medium size-medium wp-image-729\" alt=\"\" srcset=\"https:\/\/labeconomia.uaaan.edu.mx\/wp-content\/uploads\/2026\/03\/Encuesta-300x300.png 300w, https:\/\/labeconomia.uaaan.edu.mx\/wp-content\/uploads\/2026\/03\/Encuesta-150x150.png 150w, https:\/\/labeconomia.uaaan.edu.mx\/wp-content\/uploads\/2026\/03\/Encuesta-768x768.png 768w, https:\/\/labeconomia.uaaan.edu.mx\/wp-content\/uploads\/2026\/03\/Encuesta.png 1024w\" sizes=\"(max-width: 300px) 100vw, 300px\" \/>\t\t\t\t\t\t\t\t<\/a>\n\t\t\t\t\t\t\t\t\t\t\t\t\t\t\t<\/div>\n\t\t\t\t<div class=\"elementor-element elementor-element-990616f animated-slow elementor-invisible elementor-widget elementor-widget-heading\" data-id=\"990616f\" data-element_type=\"widget\" data-e-type=\"widget\" data-settings=\"{&quot;motion_fx_motion_fx_scrolling&quot;:&quot;yes&quot;,&quot;_animation&quot;:&quot;fadeIn&quot;,&quot;_animation_delay&quot;:300,&quot;motion_fx_devices&quot;:[&quot;desktop&quot;,&quot;tablet&quot;,&quot;mobile&quot;]}\" data-widget_type=\"heading.default\">\n\t\t\t\t\t<h2 class=\"elementor-heading-title elementor-size-default\"><a href=\"https:\/\/docs.google.com\/forms\/d\/e\/1FAIpQLSeOq9JRCaVokb_bRqFrHwupc96D5BtEtT4CoCgfZG-qTa7P8w\/viewform?usp=header\" target=\"_blank\">Encuesta de participaci\u00f3n de productores ap\u00edcolas en la Pen\u00ednsula de Yucat\u00e1n. \n\n<\/a><\/h2>\t\t\t\t<\/div>\n\t\t\t\t\t<\/div>\n\t\t\t\t<\/div>\n\t\t<div class=\"elementor-element elementor-element-c722dab e-flex e-con-boxed e-con e-parent\" data-id=\"c722dab\" data-element_type=\"container\" data-e-type=\"container\">\n\t\t\t\t\t<div class=\"e-con-inner\">\n\t\t\t\t<div class=\"elementor-element elementor-element-7c58374 elementor-widget-divider--view-line elementor-widget elementor-widget-divider\" data-id=\"7c58374\" data-element_type=\"widget\" data-e-type=\"widget\" data-widget_type=\"divider.default\">\n\t\t\t\t\t\t\t<div class=\"elementor-divider\">\n\t\t\t<span class=\"elementor-divider-separator\">\n\t\t\t\t\t\t<\/span>\n\t\t<\/div>\n\t\t\t\t\t\t<\/div>\n\t\t\t\t<div class=\"elementor-element elementor-element-82e4cb3 elementor-widget elementor-widget-heading\" data-id=\"82e4cb3\" data-element_type=\"widget\" data-e-type=\"widget\" data-widget_type=\"heading.default\">\n\t\t\t\t\t<h6 class=\"elementor-heading-title elementor-size-default\"><a href=\"https:\/\/labeconomia.uaaan.edu.mx\/commodities\/tablero_miel_wordpress_desagregado.html\" target=\"_blank\">\u00bfTe intersar\u00eda concoer las tendencias de los precios de miel?\nClick<\/a><\/h6>\t\t\t\t<\/div>\n\t\t\t\t\t<\/div>\n\t\t\t\t<\/div>\n\t\t<div class=\"elementor-element elementor-element-5d5ff92 e-flex e-con-boxed e-con e-parent\" data-id=\"5d5ff92\" data-element_type=\"container\" data-e-type=\"container\">\n\t\t\t\t\t<div class=\"e-con-inner\">\n\t\t\t\t<div class=\"elementor-element elementor-element-b36d586 elementor-widget elementor-widget-image\" data-id=\"b36d586\" data-element_type=\"widget\" data-e-type=\"widget\" data-widget_type=\"image.default\">\n\t\t\t\t\t\t\t\t\t\t\t\t<figure class=\"wp-caption\">\n\t\t\t\t\t\t\t\t\t\t\t<a href=\"https:\/\/labeconomia.uaaan.edu.mx\/commodities\/tablero_miel_wordpress_desagregado.html\" target=\"_blank\">\n\t\t\t\t\t\t\t<img decoding=\"async\" width=\"150\" height=\"150\" src=\"https:\/\/labeconomia.uaaan.edu.mx\/wp-content\/uploads\/2026\/03\/PreciosMiel2-150x150.png\" class=\"attachment-thumbnail size-thumbnail wp-image-734\" alt=\"\" srcset=\"https:\/\/labeconomia.uaaan.edu.mx\/wp-content\/uploads\/2026\/03\/PreciosMiel2-150x150.png 150w, https:\/\/labeconomia.uaaan.edu.mx\/wp-content\/uploads\/2026\/03\/PreciosMiel2-300x300.png 300w, https:\/\/labeconomia.uaaan.edu.mx\/wp-content\/uploads\/2026\/03\/PreciosMiel2-768x768.png 768w, https:\/\/labeconomia.uaaan.edu.mx\/wp-content\/uploads\/2026\/03\/PreciosMiel2.png 1024w\" sizes=\"(max-width: 150px) 100vw, 150px\" \/>\t\t\t\t\t\t\t\t<\/a>\n\t\t\t\t\t\t\t\t\t\t\t<figcaption class=\"widget-image-caption wp-caption-text\"><\/figcaption>\n\t\t\t\t\t\t\t\t\t\t<\/figure>\n\t\t\t\t\t\t\t\t\t<\/div>\n\t\t\t\t\t<\/div>\n\t\t\t\t<\/div>\n\t\t<div class=\"elementor-element elementor-element-1768800 e-flex e-con-boxed e-con e-parent\" data-id=\"1768800\" data-element_type=\"container\" data-e-type=\"container\">\n\t\t\t\t\t<div class=\"e-con-inner\">\n\t\t\t\t<div class=\"elementor-element elementor-element-5ddc557 elementor-widget elementor-widget-counter\" data-id=\"5ddc557\" data-element_type=\"widget\" data-e-type=\"widget\" data-widget_type=\"counter.default\">\n\t\t\t\t\t\t\t<div class=\"elementor-counter\">\n\t\t\t<div class=\"elementor-counter-title\">T\u00edtulo de n\u00famero<\/div>\t\t\t<div class=\"elementor-counter-number-wrapper\">\n\t\t\t\t<span class=\"elementor-counter-number-prefix\"><\/span>\n\t\t\t\t<span class=\"elementor-counter-number\" data-duration=\"2000\" data-to-value=\"100\" data-from-value=\"0\" data-delimiter=\",\">0<\/span>\n\t\t\t\t<span class=\"elementor-counter-number-suffix\"><\/span>\n\t\t\t<\/div>\n\t\t<\/div>\n\t\t\t\t\t\t<\/div>\n\t\t\t\t\t<\/div>\n\t\t\t\t<\/div>\n\t\t\t\t<\/div>\n\t\t","protected":false},"excerpt":{"rendered":"<p>Proyecto PEE-2025-G-164 \u2013 Secihti \u201cLos secretos detr\u00e1s de la miel: ADN de la miel y las \u00e1reas de oportunidad para fortalecer el desarrollo productivo ap\u00edcola y su contribuci\u00f3n al turismo comunitario\u201d DRA. MARIELA BEATRIZ REYES SOSA RESPONSABLE T\u00c9CNICA mariela.reyes@correo.uady.mx DR. JORGE ISMAEL TUCUCH HAASColaborador DR. JOSE ELIAS MEDRANO GUTIERREZSColaborador DR. GONZALO ABELINO TORRESColaborador DR. ARIEL [&hellip;]<\/p>\n","protected":false},"author":1,"featured_media":0,"parent":0,"menu_order":0,"comment_status":"closed","ping_status":"closed","template":"","meta":{"footnotes":""},"class_list":["post-677","page","type-page","status-publish","hentry"],"_links":{"self":[{"href":"https:\/\/labeconomia.uaaan.edu.mx\/index.php\/wp-json\/wp\/v2\/pages\/677","targetHints":{"allow":["GET"]}}],"collection":[{"href":"https:\/\/labeconomia.uaaan.edu.mx\/index.php\/wp-json\/wp\/v2\/pages"}],"about":[{"href":"https:\/\/labeconomia.uaaan.edu.mx\/index.php\/wp-json\/wp\/v2\/types\/page"}],"author":[{"embeddable":true,"href":"https:\/\/labeconomia.uaaan.edu.mx\/index.php\/wp-json\/wp\/v2\/users\/1"}],"replies":[{"embeddable":true,"href":"https:\/\/labeconomia.uaaan.edu.mx\/index.php\/wp-json\/wp\/v2\/comments?post=677"}],"version-history":[{"count":63,"href":"https:\/\/labeconomia.uaaan.edu.mx\/index.php\/wp-json\/wp\/v2\/pages\/677\/revisions"}],"predecessor-version":[{"id":774,"href":"https:\/\/labeconomia.uaaan.edu.mx\/index.php\/wp-json\/wp\/v2\/pages\/677\/revisions\/774"}],"wp:attachment":[{"href":"https:\/\/labeconomia.uaaan.edu.mx\/index.php\/wp-json\/wp\/v2\/media?parent=677"}],"curies":[{"name":"wp","href":"https:\/\/api.w.org\/{rel}","templated":true}]}}