{"id":199,"date":"2026-04-22T22:49:40","date_gmt":"2026-04-22T22:49:40","guid":{"rendered":"https:\/\/labeconomia.uaaan.edu.mx\/?page_id=199"},"modified":"2026-04-22T23:24:12","modified_gmt":"2026-04-22T23:24:12","slug":"eventos-y-actividades-academicas","status":"publish","type":"page","link":"https:\/\/labeconomia.uaaan.edu.mx\/index.php\/eventos-y-actividades-academicas\/","title":{"rendered":"Eventos y actividades acad\u00e9micas"},"content":{"rendered":"\t\t<div data-elementor-type=\"wp-page\" data-elementor-id=\"199\" class=\"elementor elementor-199\" data-elementor-post-type=\"page\">\n\t\t\t\t<div class=\"elementor-element elementor-element-2cd55c6 e-flex e-con-boxed e-con e-parent\" data-id=\"2cd55c6\" data-element_type=\"container\" data-e-type=\"container\">\n\t\t\t\t\t<div class=\"e-con-inner\">\n\t\t\t\t<div class=\"elementor-element elementor-element-cf526f8 elementor-widget elementor-widget-heading\" data-id=\"cf526f8\" data-element_type=\"widget\" data-e-type=\"widget\" data-widget_type=\"heading.default\">\n\t\t\t\t\t<h6 class=\"elementor-heading-title elementor-size-default\"><p class=\"MsoNormal\" align=\"center\" style=\"margin-right:.2pt;text-align:center\"><b><span lang=\"ES\" style=\"font-size:16.0pt;line-height:107%\">Temas de Econom\u00eda Agr\u00edcola y\nAgronegocios <\/span><\/b><span lang=\"ES\" style=\"font-size:16.0pt;line-height:107%\"><\/span><\/p><\/h6>\t\t\t\t<\/div>\n\t\t\t\t<div class=\"elementor-element elementor-element-4e96000 elementor-widget elementor-widget-heading\" data-id=\"4e96000\" data-element_type=\"widget\" data-e-type=\"widget\" data-widget_type=\"heading.default\">\n\t\t\t\t\t<p class=\"elementor-heading-title elementor-size-default\"><p style=\"margin-bottom:0cm;text-align:justify\"><span lang=\"ES\" style=\"font-size:12.0pt;line-height:107%\">En el marco del Centenario de la Universidad Aut\u00f3noma Agraria Antonio Narro, el <b>Departamento de Econom\u00eda Agr\u00edcola<\/b> y Programa Docente de la <b>Carrera de Licenciado en Econom\u00eda Agr\u00edcola y Agronegocios<\/b> organiz\u00f3 Mesas de Discusi\u00f3n y Seminarios, exponi\u00e9ndose temas actuales de inter\u00e9s con la participaci\u00f3n de expertos, fomentando la vinculaci\u00f3n con la comunidad universitaria, sector productivo y p\u00fablico en general. El objetivo fue motivar la b\u00fasqueda objetiva de soluciones que permitan construir argumentos para dise\u00f1ar propuestas y sugerencias a las autoridades de pol\u00edticas p\u00fablicas a los diferentes niveles de Gobierno. <\/span><span lang=\"ES\" style=\"font-size:10.0pt;line-height:107%\"><\/span><\/p><\/p>\t\t\t\t<\/div>\n\t\t\t\t\t<\/div>\n\t\t\t\t<\/div>\n\t\t<div class=\"elementor-element elementor-element-c3b7f17 e-grid e-con-boxed e-con e-parent\" data-id=\"c3b7f17\" data-element_type=\"container\" data-e-type=\"container\">\n\t\t\t\t\t<div class=\"e-con-inner\">\n\t\t\t\t<div class=\"elementor-element elementor-element-f7fa7a4 elementor-widget elementor-widget-html\" data-id=\"f7fa7a4\" data-element_type=\"widget\" data-e-type=\"widget\" data-widget_type=\"html.default\">\n\t\t\t\t\t<div class=\"eventos-tabla\">\r\n\r\n  <div class=\"fila encabezado\">\r\n    <div class=\"col-izq\">Mesas<\/div>\r\n    <div class=\"col-der\">Ponentes<\/div>\r\n  <\/div>\r\n\r\n  <div class=\"fila\">\r\n    <div class=\"col-izq\">\r\n      <div class=\"tipo\">1er. Mesa<\/div>\r\n      <div class=\"titulo\">\u00bfEs posible bajar el precio de la tortilla?<\/div>\r\n      <div class=\"fecha\">Celebrada de manera virtual el 13 de septiembre de 2022<\/div>\r\n      <div class=\"enlace\"><a href=\"https:\/\/siiaa.uaaan.mx\/documentos\/repositorio\/mesa1.mp4\" target=\"_blank\">Ver sesi\u00f3n<\/a><\/div>\r\n    <\/div>\r\n    <div class=\"col-der\">\r\n      MVZ. Jos\u00e9 Cacho Ribeiro \u2014 MINSA industria de harina<br>\r\n      M.C. H\u00e9ctor R. Hern\u00e1ndez \u2014 Experto y socio en Consultor\u00eda MAEI<br>\r\n      C. Tom\u00e1s Puebla S. \u2014 Director General de Industrias del Ma\u00edz Puebla S.A. de C.V.<br>\r\n      Lic. Absal\u00f3n Garc\u00eda O. \u2014 Secretario T\u00e9cnico del Sistema Producto Ma\u00edz Nacional<br>\r\n      Lic. Jos\u00e9 Rogelio Ganem Lang \u2014 Presidente del Comit\u00e9 de Agronegocios de la AGEDE<br>\r\n      Ing. Ismael Torre del R\u00edo \u2014 Representante no gubernamental del Sistema Producto Ma\u00edz, Michoac\u00e1n<br>\r\n      C. Rub\u00e9n Montalvo Morales \u2014 Presidente de la C\u00e1mara Nacional de la Industria de la Masa y la Tortilla\r\n    <\/div>\r\n  <\/div>\r\n\r\n  <div class=\"fila\">\r\n    <div class=\"col-izq\">\r\n      <div class=\"tipo\">2da. Mesa<\/div>\r\n      <div class=\"titulo\">\u00bfPodremos dejar de importar ma\u00edz amarillo en M\u00e9xico?<\/div>\r\n      <div class=\"fecha\">Celebrada de manera virtual el 17 de enero de 2023<\/div>\r\n      <div class=\"enlace\"><a href=\"https:\/\/siiaa.uaaan.mx\/documentos\/repositorio\/mesa2.mp4\" target=\"_blank\">Ver sesi\u00f3n<\/a><\/div>\r\n    <\/div>\r\n    <div class=\"col-der\">\r\n      M.C. H\u00e9ctor V\u00e9lez Chong \u2014 Director del Fondo Jalisco (FOJA)<br>\r\n      M.C. H\u00e9ctor R. Hern\u00e1ndez \u2014 Experto y socio en Consultor\u00eda MAEI<br>\r\n      Ing. Homero Garc\u00eda de la Llata \u2014 Productor de ganado y presidente de la CNOG<br>\r\n      Lic. Heriberto Hern\u00e1ndez C\u00e1rdenas \u2014 Presidente de la Organizaci\u00f3n de Porcicultores Mexicanos<br>\r\n      Lic. Marcela Mart\u00ednez Pichardo \u2014 Presidenta de la C\u00e1mara Nacional del Ma\u00edz Industrializado (CANAMI)<br>\r\n      Ing. Roberto Castellanos Valdivia \u2014 Productor de ma\u00edz amarillo y director de Integradora ARCA S.A.<br>\r\n      Lic. Ana Luisa Montes Trejo \u2014 Presidenta de la Coordinaci\u00f3n Nacional de Organizaciones de la Industria de Alimentos Balanceados<br>\r\n      Lic. Roc\u00edo R. P\u00e9rez Jim\u00e9nez \u2014 Directora de Comercio Exterior de la Uni\u00f3n Nacional de Avicultores\r\n    <\/div>\r\n  <\/div>\r\n\r\n  <div class=\"fila\">\r\n    <div class=\"col-izq\">\r\n      <div class=\"tipo\">3er. Mesa<\/div>\r\n      <div class=\"titulo\">\u00bfLograremos la seguridad alimentaria en M\u00e9xico?<\/div>\r\n      <div class=\"fecha\">Celebrada de manera virtual el 25 de abril de 2023<\/div>\r\n      <div class=\"enlace\"><a href=\"https:\/\/siiaa.uaaan.mx\/documentos\/repositorio\/mesa3.mp4\" target=\"_blank\">Ver sesi\u00f3n<\/a><\/div>\r\n    <\/div>\r\n    <div class=\"col-der\">\r\n      M.C. H\u00e9ctor R. Hern\u00e1ndez \u2014 Experto y socio en Consultor\u00eda MAEI<br>\r\n      Ing. Pedro D\u00edaz Hartz \u2014 Presidente del Consejo Mexicano del Arroz A.C.<br>\r\n      Lic. Rub\u00e9n V\u00e1squez de la Rosa \u2014 Presidente del Consejo Nacional de Granos B\u00e1sicos<br>\r\n      Ing. Jes\u00fas Manuel Hern\u00e1ndez L\u00f3pez \u2014 Representante no gubernamental del Sistema Producto Trigo<br>\r\n      Ing. Manuel Guerrero S\u00e1nchez \u2014 Comit\u00e9 Nacional del Sistema Producto Oleaginosas<br>\r\n      Ing. Manuel Tarriba Urtuzu\u00e1stegui \u2014 Ex presidente de la Confederaci\u00f3n de Asociaciones Agr\u00edcolas de Sinaloa<br>\r\n      Dr. Ren\u00e9 Fonseca Medina \u2014 Director General de la C\u00e1mara Nacional de Industriales de la Leche (CANILEC)\r\n    <\/div>\r\n  <\/div>\r\n\r\n  <div class=\"fila\">\r\n    <div class=\"col-izq\">\r\n      <div class=\"tipo\">4ta. Mesa<\/div>\r\n      <div class=\"titulo\">\u00bfRealmente los fertilizantes y agroqu\u00edmicos aportan o atentan contra la seguridad alimentaria de M\u00e9xico y del mundo?<\/div>\r\n      <div class=\"fecha\">Celebrada de manera presencial \/ virtual el 9 de octubre de 2023<\/div>\r\n      <div class=\"enlace\"><a href=\"#\" target=\"_blank\">Video | Facebook<\/a><\/div>\r\n    <\/div>\r\n    <div class=\"col-der\">\r\n      M.C. C\u00e9sar Rafael Oca\u00f1a Romo \u2014 Director Ejecutivo de la UMFFAAC<br>\r\n      Ing. Jes\u00fas Salvador Robles Caro \u2014 Director Comercial del Grupo Versa<br>\r\n      Ing. Jos\u00e9 Callejas Moreno \u2014 Gerente de Agronegocios, Empresa Agricultura Nac, S.A. de C.V.<br>\r\n      Dr. Luis P\u00e9rez Moreno \u2014 Profesor-investigador jubilado del Departamento de Agronom\u00eda de la Universidad de Guanajuato\r\n    <\/div>\r\n  <\/div>\r\n\r\n  <div class=\"fila\">\r\n    <div class=\"col-izq\">\r\n      <div class=\"tipo\">1er. Seminario Internacional<\/div>\r\n      <div class=\"titulo\">Retos y oportunidades de M\u00e9xico y EE. UU. en el comercio agr\u00edcola<\/div>\r\n      <div class=\"fecha\">Celebrada de manera presencial \/ virtual el 21 de febrero de 2024<\/div>\r\n      <div class=\"enlace\"><a href=\"#\" target=\"_blank\">Video | Facebook<\/a><\/div>\r\n    <\/div>\r\n    <div class=\"col-der\">\r\n      Ph. Parr Rosson \u2014 Profesor y l\u00edder del Departamento de Extensi\u00f3n Agr\u00edcola en Econom\u00eda Agr\u00edcola de Texas A&amp;M University<br>\r\n      C. Jaime Hisao Yezaqui Cavazos \u2014 Empresario av\u00edcola, presidente de la Fundaci\u00f3n UANL A.C., expresidente del CNA, de la Uni\u00f3n Nacional de Engordadores y de la UNA<br>\r\n      Ph. Ariel V\u00e1squez Elorza \u2014 Investigador nacional y egresado de Econom\u00eda Agr\u00edcola de la UAAAN<br>\r\n      Ing. Manuel Guerrero S\u00e1nchez \u2014 Productor agr\u00edcola y representante no gubernamental del Sistema Producto Oleaginosas\r\n    <\/div>\r\n  <\/div>\r\n\r\n  <div class=\"fila\">\r\n    <div class=\"col-izq\">\r\n      <div class=\"tipo\">2do. Seminario Internacional<\/div>\r\n      <div class=\"titulo\">El nearshoring, los desaf\u00edos y posibilidades de M\u00e9xico y EE. UU. en el comercio agropecuario<\/div>\r\n      <div class=\"fecha\">Celebrada de manera virtual el 20 de marzo de 2024<\/div>\r\n      <div class=\"enlace\"><a href=\"#\" target=\"_blank\">No disponible<\/a><\/div>\r\n    <\/div>\r\n    <div class=\"col-der\">\r\n      PhD. Parr Rosson \u2014 Professor and Extension Specialist and Associate Head for Extension, Department of Rangeland, Wildlife and Fisheries<br>\r\n      M.C. Felipe de Javier Pe\u00f1a Due\u00f1as \u2014 Presidente de la Comisi\u00f3n de Transporte de la CONCAMIN y Vicepresidente Ejecutivo de la C\u00e1mara Nacional de la Industria Molinera de Trigo<br>\r\n      PhD. Ariel V\u00e1squez Elorza \u2014 Investigador nacional y egresado de Econom\u00eda Agr\u00edcola de la UAAAN<br>\r\n      M.C. Jaime Guerra P\u00e9rez \u2014 Vicepresidente Nacional de Nearshoring y Desarrollo Competitivo, CANACINTRA\r\n    <\/div>\r\n  <\/div>\r\n\r\n<\/div>\t\t\t\t<\/div>\n\t\t\t\t\t<\/div>\n\t\t\t\t<\/div>\n\t\t<div class=\"elementor-element elementor-element-2be0da7 e-flex e-con-boxed e-con e-parent\" data-id=\"2be0da7\" data-element_type=\"container\" data-e-type=\"container\">\n\t\t\t\t\t<div class=\"e-con-inner\">\n\t\t\t\t<div class=\"elementor-element elementor-element-da0e46c elementor-widget elementor-widget-heading\" data-id=\"da0e46c\" data-element_type=\"widget\" data-e-type=\"widget\" data-widget_type=\"heading.default\">\n\t\t\t\t\t<h2 class=\"elementor-heading-title elementor-size-default\"><br><br><p style=\"margin-bottom:0cm\"><b><span lang=\"ES\" style=\"font-size:14.0pt;line-height:107%\">Coordinador<\/span><\/b><span lang=\"ES\" style=\"font-size:14.0pt;line-height:107%\">: M.C. Esteban Orej\u00f3n Garc\u00eda &nbsp;&nbsp;&nbsp;&nbsp;&nbsp;&nbsp;&nbsp;&nbsp;&nbsp;&nbsp;&nbsp;&nbsp; <b>Moderador:<\/b> M.C. H\u00e9ctor Carlos Salazar Arriaga <\/span><span lang=\"ES\"><\/span><\/p><br>\n\n<p align=\"center\" style=\"margin-top:0cm;margin-right:.6pt;margin-bottom:0cm;margin-left:0cm;text-align:center\"><span lang=\"ES\" style=\"font-size:14.0pt;line-height:107%\">Profesores del Departamento de Econom\u00eda Agr\u00edcola <\/span><span lang=\"ES\"><\/span><\/p><\/h2>\t\t\t\t<\/div>\n\t\t\t\t\t<\/div>\n\t\t\t\t<\/div>\n\t\t<div class=\"elementor-element elementor-element-fd54cd3 e-flex e-con-boxed e-con e-parent\" data-id=\"fd54cd3\" data-element_type=\"container\" data-e-type=\"container\">\n\t\t\t\t\t<div class=\"e-con-inner\">\n\t\t<div class=\"elementor-element elementor-element-13fc085 e-grid e-con-full e-con e-child\" data-id=\"13fc085\" data-element_type=\"container\" data-e-type=\"container\">\n\t\t<div class=\"elementor-element elementor-element-8d0ae41 e-grid e-con-full e-con e-child\" data-id=\"8d0ae41\" data-element_type=\"container\" data-e-type=\"container\">\n\t\t\t\t<div class=\"elementor-element elementor-element-ef244e3 elementor-widget elementor-widget-image\" data-id=\"ef244e3\" data-element_type=\"widget\" data-e-type=\"widget\" data-widget_type=\"image.default\">\n\t\t\t\t\t\t\t\t\t\t\t\t\t\t\t<img decoding=\"async\" width=\"75\" height=\"65\" src=\"https:\/\/labeconomia.uaaan.edu.mx\/wp-content\/uploads\/2026\/04\/maiz.png\" class=\"attachment-large size-large wp-image-813\" alt=\"\" \/>\t\t\t\t\t\t\t\t\t\t\t\t\t\t\t<\/div>\n\t\t\t\t<div class=\"elementor-element elementor-element-a181e0c elementor-widget elementor-widget-image\" data-id=\"a181e0c\" data-element_type=\"widget\" data-e-type=\"widget\" data-widget_type=\"image.default\">\n\t\t\t\t\t\t\t\t\t\t\t\t\t\t\t<img decoding=\"async\" src=\"https:\/\/labeconomia.uaaan.edu.mx\/wp-content\/uploads\/elementor\/thumbs\/economia-agr-rkc5e8ofk4s6al64bsekp06vbgejv7n1rhebuxj1gg.png\" title=\"economia agr\" alt=\"economia agr\" loading=\"lazy\" \/>\t\t\t\t\t\t\t\t\t\t\t\t\t\t\t<\/div>\n\t\t\t\t<\/div>\n\t\t\t\t<\/div>\n\t\t\t\t\t<\/div>\n\t\t\t\t<\/div>\n\t\t\t\t<\/div>\n\t\t","protected":false},"excerpt":{"rendered":"<p>Temas de Econom\u00eda Agr\u00edcola y Agronegocios En el marco del Centenario de la Universidad Aut\u00f3noma Agraria Antonio Narro, el Departamento de Econom\u00eda Agr\u00edcola y Programa Docente de la Carrera de Licenciado en Econom\u00eda Agr\u00edcola y Agronegocios organiz\u00f3 Mesas de Discusi\u00f3n y Seminarios, exponi\u00e9ndose temas actuales de inter\u00e9s con la participaci\u00f3n de expertos, fomentando la vinculaci\u00f3n [&hellip;]<\/p>\n","protected":false},"author":1,"featured_media":0,"parent":0,"menu_order":0,"comment_status":"closed","ping_status":"closed","template":"","meta":{"footnotes":""},"class_list":["post-199","page","type-page","status-publish","hentry"],"_links":{"self":[{"href":"https:\/\/labeconomia.uaaan.edu.mx\/index.php\/wp-json\/wp\/v2\/pages\/199","targetHints":{"allow":["GET"]}}],"collection":[{"href":"https:\/\/labeconomia.uaaan.edu.mx\/index.php\/wp-json\/wp\/v2\/pages"}],"about":[{"href":"https:\/\/labeconomia.uaaan.edu.mx\/index.php\/wp-json\/wp\/v2\/types\/page"}],"author":[{"embeddable":true,"href":"https:\/\/labeconomia.uaaan.edu.mx\/index.php\/wp-json\/wp\/v2\/users\/1"}],"replies":[{"embeddable":true,"href":"https:\/\/labeconomia.uaaan.edu.mx\/index.php\/wp-json\/wp\/v2\/comments?post=199"}],"version-history":[{"count":28,"href":"https:\/\/labeconomia.uaaan.edu.mx\/index.php\/wp-json\/wp\/v2\/pages\/199\/revisions"}],"predecessor-version":[{"id":819,"href":"https:\/\/labeconomia.uaaan.edu.mx\/index.php\/wp-json\/wp\/v2\/pages\/199\/revisions\/819"}],"wp:attachment":[{"href":"https:\/\/labeconomia.uaaan.edu.mx\/index.php\/wp-json\/wp\/v2\/media?parent=199"}],"curies":[{"name":"wp","href":"https:\/\/api.w.org\/{rel}","templated":true}]}}