{"id":176,"date":"2026-03-13T13:09:35","date_gmt":"2026-03-13T13:09:35","guid":{"rendered":"https:\/\/labeconomia.uaaan.edu.mx\/?page_id=176"},"modified":"2026-03-19T17:51:42","modified_gmt":"2026-03-19T17:51:42","slug":"inicio-laboratorio","status":"publish","type":"page","link":"https:\/\/labeconomia.uaaan.edu.mx\/","title":{"rendered":"Inicio Laboratorio"},"content":{"rendered":"\t\t<div data-elementor-type=\"wp-page\" data-elementor-id=\"176\" class=\"elementor elementor-176\" data-elementor-post-type=\"page\">\n\t\t\t\t<div class=\"elementor-element elementor-element-6f56e182 e-flex e-con-boxed e-con e-parent\" data-id=\"6f56e182\" data-element_type=\"container\" data-e-type=\"container\">\n\t\t\t\t\t<div class=\"e-con-inner\">\n\t\t\t\t<div class=\"elementor-element elementor-element-6e9ca573 elementor-widget elementor-widget-text-editor\" data-id=\"6e9ca573\" data-element_type=\"widget\" data-e-type=\"widget\" data-widget_type=\"text-editor.default\">\n\t\t\t\t\t\t\t\t\t\n<h3 class=\"wp-block-heading\">\u00a0<\/h3>\n\t\t\t\t\t\t\t\t<\/div>\n\t\t\t\t<div class=\"elementor-element elementor-element-e1c550e elementor-widget__width-initial elementor-widget elementor-widget-heading\" data-id=\"e1c550e\" data-element_type=\"widget\" data-e-type=\"widget\" data-settings=\"{&quot;motion_fx_motion_fx_scrolling&quot;:&quot;yes&quot;,&quot;motion_fx_devices&quot;:[&quot;desktop&quot;,&quot;tablet&quot;,&quot;mobile&quot;]}\" data-widget_type=\"heading.default\">\n\t\t\t\t\t<div class=\"elementor-heading-title elementor-size-default\">Laboratorio de Prospecci\u00f3n en Econom\u00eda Agr\u00edcola<br> y Log\u00edstica Territorial <\/div>\t\t\t\t<\/div>\n\t\t\t\t\t<\/div>\n\t\t\t\t<\/div>\n\t\t<div class=\"elementor-element elementor-element-2ed6b65 e-flex e-con-boxed e-con e-parent\" data-id=\"2ed6b65\" data-element_type=\"container\" data-e-type=\"container\">\n\t\t\t\t\t<div class=\"e-con-inner\">\n\t\t\t\t<div class=\"elementor-element elementor-element-bb82621 elementor-widget elementor-widget-image\" data-id=\"bb82621\" data-element_type=\"widget\" data-e-type=\"widget\" data-widget_type=\"image.default\">\n\t\t\t\t\t\t\t\t\t\t\t\t\t\t\t<img fetchpriority=\"high\" decoding=\"async\" width=\"1536\" height=\"857\" src=\"https:\/\/labeconomia.uaaan.edu.mx\/wp-content\/uploads\/2026\/03\/Infog-1536x857.png\" class=\"attachment-1536x1536 size-1536x1536 wp-image-163\" alt=\"\" srcset=\"https:\/\/labeconomia.uaaan.edu.mx\/wp-content\/uploads\/2026\/03\/Infog-1536x857.png 1536w, https:\/\/labeconomia.uaaan.edu.mx\/wp-content\/uploads\/2026\/03\/Infog-300x167.png 300w, https:\/\/labeconomia.uaaan.edu.mx\/wp-content\/uploads\/2026\/03\/Infog-1024x572.png 1024w, https:\/\/labeconomia.uaaan.edu.mx\/wp-content\/uploads\/2026\/03\/Infog-768x429.png 768w, https:\/\/labeconomia.uaaan.edu.mx\/wp-content\/uploads\/2026\/03\/Infog-2048x1143.png 2048w\" sizes=\"(max-width: 1536px) 100vw, 1536px\" \/>\t\t\t\t\t\t\t\t\t\t\t\t\t\t\t<\/div>\n\t\t\t\t<div class=\"elementor-element elementor-element-450b36a elementor-widget elementor-widget-google_maps\" data-id=\"450b36a\" data-element_type=\"widget\" data-e-type=\"widget\" data-widget_type=\"google_maps.default\">\n\t\t\t\t\t\t\t<div class=\"elementor-custom-embed\">\n\t\t\t<iframe loading=\"lazy\"\n\t\t\t\t\tsrc=\"https:\/\/maps.google.com\/maps?q=Departamento%20de%20Econom%C3%ADa.%20Universidad%20Aut%C3%B3noma%20Agraria%20Antonio%20Narro&#038;t=m&#038;z=15&#038;output=embed&#038;iwloc=near\"\n\t\t\t\t\ttitle=\"Departamento de Econom\u00eda. Universidad Aut\u00f3noma Agraria Antonio Narro\"\n\t\t\t\t\taria-label=\"Departamento de Econom\u00eda. Universidad Aut\u00f3noma Agraria Antonio Narro\"\n\t\t\t><\/iframe>\n\t\t<\/div>\n\t\t\t\t\t\t<\/div>\n\t\t\t\t\t<\/div>\n\t\t\t\t<\/div>\n\t\t<div class=\"elementor-element elementor-element-0c2b7e9 e-grid e-con-boxed e-con e-parent\" data-id=\"0c2b7e9\" data-element_type=\"container\" data-e-type=\"container\">\n\t\t\t\t\t<div class=\"e-con-inner\">\n\t\t\t\t<div class=\"elementor-element elementor-element-fcd6298 elementor-widget elementor-widget-heading\" data-id=\"fcd6298\" data-element_type=\"widget\" data-e-type=\"widget\" data-widget_type=\"heading.default\">\n\t\t\t\t\t<p class=\"elementor-heading-title elementor-size-default\"><a href=\"https:\/\/labeconomia.uaaan.edu.mx\/index.php\/precios-commodities\/\" target=\"_blank\"><h5 class=\"service-title\" style=\"margin-bottom: 0px;letter-spacing: 3px;text-align: center;padding: 0px 0px 0.625rem;text-transform: uppercase\">COMMODITIES<\/h5><\/a><\/p>\t\t\t\t<\/div>\n\t\t\t\t<div class=\"elementor-element elementor-element-1f76194 elementor-widget elementor-widget-heading\" data-id=\"1f76194\" data-element_type=\"widget\" data-e-type=\"widget\" data-widget_type=\"heading.default\">\n\t\t\t\t\t<h2 class=\"elementor-heading-title elementor-size-default\"><h5 class=\"service-title\" style=\"margin-bottom: 0px;letter-spacing: 3px;text-align: center;padding: 0px 0px 0.625rem;text-transform: uppercase\"><a href=\"https:\/\/labeconomia.uaaan.edu.mx\/#\" style=\"position: relative;z-index: 1\">Log\u00edstica Territorial<\/a><\/h5><\/h2>\t\t\t\t<\/div>\n\t\t\t\t<div class=\"elementor-element elementor-element-2fa48c3 elementor-widget elementor-widget-heading\" data-id=\"2fa48c3\" data-element_type=\"widget\" data-e-type=\"widget\" data-widget_type=\"heading.default\">\n\t\t\t\t\t<p class=\"elementor-heading-title elementor-size-default\"><a href=\"https:\/\/labeconomia.uaaan.edu.mx\/index.php\/produccion-de-miel\/\" target=\"_blank\"><h5 class=\"service-title\" style=\"margin-bottom: 0px;letter-spacing: 3px;text-align: center;padding: 0px 0px 0.625rem;text-transform: uppercase\"><a href=\"https:\/\/labeconomia.uaaan.edu.mx\/#\" style=\"position: relative;z-index: 1\">PRODUCCI\u00d3N DE MIEL<\/a><\/h5><\/a><\/p>\t\t\t\t<\/div>\n\t\t\t\t<div class=\"elementor-element elementor-element-2ac1662 elementor-widget elementor-widget-heading\" data-id=\"2ac1662\" data-element_type=\"widget\" data-e-type=\"widget\" data-widget_type=\"heading.default\">\n\t\t\t\t\t<h2 class=\"elementor-heading-title elementor-size-default\"><h5 class=\"service-title\" style=\"margin-bottom: 0px;letter-spacing: 3px;text-align: center;padding: 0px 0px 0.625rem;text-transform: uppercase\"><a href=\"https:\/\/labeconomia.uaaan.edu.mx\/#\" style=\"position: relative;z-index: 1\">Cambio Clim\u00e1tico<\/a><\/h5><\/h2>\t\t\t\t<\/div>\n\t\t\t\t<div class=\"elementor-element elementor-element-5d7cf99 elementor-widget elementor-widget-heading\" data-id=\"5d7cf99\" data-element_type=\"widget\" data-e-type=\"widget\" data-widget_type=\"heading.default\">\n\t\t\t\t\t<h2 class=\"elementor-heading-title elementor-size-default\"><h5 class=\"service-title\" style=\"margin-bottom: 0px;letter-spacing: 3px;text-align: center;padding: 0px 0px 0.625rem;text-transform: uppercase\"><a href=\"https:\/\/labeconomia.uaaan.edu.mx\/#\" style=\"position: relative;z-index: 1\">Prospecci\u00f3n<\/a><\/h5><\/h2>\t\t\t\t<\/div>\n\t\t\t\t<div class=\"elementor-element elementor-element-3ecdb00 elementor-widget elementor-widget-heading\" data-id=\"3ecdb00\" data-element_type=\"widget\" data-e-type=\"widget\" data-widget_type=\"heading.default\">\n\t\t\t\t\t<p class=\"elementor-heading-title elementor-size-default\"><a href=\"https:\/\/labeconomia.uaaan.edu.mx\/index.php\/lineas-de-investigacion\/\"><h5 class=\"service-title\" style=\"margin-bottom: 0px;letter-spacing: 3px;text-align: center;padding: 0px 0px 0.625rem;text-transform: uppercase\"><a href=\"https:\/\/labeconomia.uaaan.edu.mx\/#\" style=\"position: relative;z-index: 1\">Investigaci\u00f3n<\/a><\/h5><\/a><\/p>\t\t\t\t<\/div>\n\t\t\t\t\t<\/div>\n\t\t\t\t<\/div>\n\t\t<div class=\"elementor-element elementor-element-0e30f6f e-flex e-con-boxed e-con e-parent\" data-id=\"0e30f6f\" data-element_type=\"container\" data-e-type=\"container\" data-settings=\"{&quot;shape_divider_top&quot;:&quot;curve-asymmetrical&quot;}\">\n\t\t\t\t\t<div class=\"e-con-inner\">\n\t\t\t\t<div class=\"elementor-shape elementor-shape-top\" aria-hidden=\"true\" data-negative=\"false\">\n\t\t\t<svg xmlns=\"http:\/\/www.w3.org\/2000\/svg\" viewBox=\"0 0 1000 100\" preserveAspectRatio=\"none\">\n\t<path class=\"elementor-shape-fill\" d=\"M0,0c0,0,0,6,0,6.7c0,18,240.2,93.6,615.2,92.6C989.8,98.5,1000,25,1000,6.7c0-0.7,0-6.7,0-6.7H0z\"\/>\n<\/svg>\t\t<\/div>\n\t\t\t\t<div class=\"elementor-element elementor-element-1e20906 elementor-widget elementor-widget-heading\" data-id=\"1e20906\" data-element_type=\"widget\" data-e-type=\"widget\" data-widget_type=\"heading.default\">\n\t\t\t\t\t<h2 class=\"elementor-heading-title elementor-size-default\">Autores<\/h2>\t\t\t\t<\/div>\n\t\t\t\t\t<\/div>\n\t\t\t\t<\/div>\n\t\t<div class=\"elementor-element elementor-element-a0cf6c3 e-flex e-con-boxed e-con e-parent\" data-id=\"a0cf6c3\" data-element_type=\"container\" data-e-type=\"container\">\n\t\t\t\t\t<div class=\"e-con-inner\">\n\t\t\t\t<div class=\"elementor-element elementor-element-1678645 elementor-widget elementor-widget-text-editor\" data-id=\"1678645\" data-element_type=\"widget\" data-e-type=\"widget\" data-widget_type=\"text-editor.default\">\n\t\t\t\t\t\t\t\t\t<div class=\"lista-autores-lab\">\n  <p><strong>Dr. Ariel V\u00e1zquez Elorza<\/strong><\/p>\n  <p><strong>M.A. Itzel Karina Mart\u00ednez L\u00f3pez<\/strong><\/p>\n  <p><strong>M.C. Esteban Orej\u00f3n Garc\u00eda<\/strong><\/p>\n  <p><strong>M.C. Luis Jes\u00fas Lozano<\/strong><\/p>\n<\/div>\t\t\t\t\t\t\t\t<\/div>\n\t\t\t\t<div class=\"elementor-element elementor-element-f2e6f31 elementor-widget-divider--view-line elementor-widget elementor-widget-divider\" data-id=\"f2e6f31\" data-element_type=\"widget\" data-e-type=\"widget\" data-widget_type=\"divider.default\">\n\t\t\t\t\t\t\t<div class=\"elementor-divider\">\n\t\t\t<span class=\"elementor-divider-separator\">\n\t\t\t\t\t\t<\/span>\n\t\t<\/div>\n\t\t\t\t\t\t<\/div>\n\t\t\t\t<div class=\"elementor-element elementor-element-ea7b1ad elementor-widget elementor-widget-heading\" data-id=\"ea7b1ad\" data-element_type=\"widget\" data-e-type=\"widget\" data-widget_type=\"heading.default\">\n\t\t\t\t\t<h2 class=\"elementor-heading-title elementor-size-default\">Resumen ejecutivo del laboratorio<\/h2>\t\t\t\t<\/div>\n\t\t\t\t\t<\/div>\n\t\t\t\t<\/div>\n\t\t<div class=\"elementor-element elementor-element-8002cb8 e-flex e-con-boxed e-con e-parent\" data-id=\"8002cb8\" data-element_type=\"container\" data-e-type=\"container\">\n\t\t\t\t\t<div class=\"e-con-inner\">\n\t\t\t\t<div class=\"elementor-element elementor-element-ceaa2b9 elementor-widget elementor-widget-heading\" data-id=\"ceaa2b9\" data-element_type=\"widget\" data-e-type=\"widget\" data-widget_type=\"heading.default\">\n\t\t\t\t\t<p class=\"elementor-heading-title elementor-size-default\"><p class=\"MsoNormal\" style=\"text-align:justify\"><span style=\",sans-serif\">El\n<i>Laboratorio de Prospecci\u00f3n en Econom\u00eda Agr\u00edcola y Log\u00edstica Territorial<\/i>\nde la UAAAN es una plataforma acad\u00e9mica orientada al an\u00e1lisis estrat\u00e9gico del\nsector agroalimentario. A trav\u00e9s de su sitio web, integra informaci\u00f3n sobre\ncommodities, agroclima, producci\u00f3n de miel, investigaci\u00f3n aplicada y boletines\nt\u00e9cnicos, con un enfoque territorial y de apoyo a la toma de decisiones.<\/span><\/p>\n\n<p class=\"MsoNormal\" style=\"text-align:justify\"><span style=\",sans-serif\">El\nlaboratorio busca consolidarse como un espacio de generaci\u00f3n de conocimiento,\nvisualizaci\u00f3n de datos y desarrollo de herramientas digitales que vinculen la\ninvestigaci\u00f3n con necesidades reales del sector productivo. Asimismo, funciona\ncomo un repositorio institucional y un medio de difusi\u00f3n de resultados,\nfortaleciendo la proyecci\u00f3n acad\u00e9mica y la vinculaci\u00f3n con actores p\u00fablicos y\nprivados.<\/span><\/p><\/p>\t\t\t\t<\/div>\n\t\t\t\t\t<\/div>\n\t\t\t\t<\/div>\n\t\t<div class=\"elementor-element elementor-element-3980bc5 e-flex e-con-boxed e-con e-parent\" data-id=\"3980bc5\" data-element_type=\"container\" data-e-type=\"container\">\n\t\t\t\t\t<div class=\"e-con-inner\">\n\t\t\t\t<div class=\"elementor-element elementor-element-5808ce4 elementor-widget elementor-widget-image\" data-id=\"5808ce4\" data-element_type=\"widget\" data-e-type=\"widget\" data-widget_type=\"image.default\">\n\t\t\t\t\t\t\t\t\t\t\t\t\t\t\t<img decoding=\"async\" width=\"125\" height=\"113\" src=\"https:\/\/labeconomia.uaaan.edu.mx\/wp-content\/uploads\/2026\/03\/economia-agr.png\" class=\"attachment-large size-large wp-image-29\" alt=\"\" srcset=\"https:\/\/labeconomia.uaaan.edu.mx\/wp-content\/uploads\/2026\/03\/economia-agr.png 125w, https:\/\/labeconomia.uaaan.edu.mx\/wp-content\/uploads\/2026\/03\/elementor\/thumbs\/economia-agr-rkc5e8oen8oul31tilr73y23jg8tve89cmyg8vo4fm.png 5w\" sizes=\"(max-width: 125px) 100vw, 125px\" \/>\t\t\t\t\t\t\t\t\t\t\t\t\t\t\t<\/div>\n\t\t\t\t\t<\/div>\n\t\t\t\t<\/div>\n\t\t\t\t<\/div>\n\t\t","protected":false},"excerpt":{"rendered":"<p>\u00a0 Laboratorio de Prospecci\u00f3n en Econom\u00eda Agr\u00edcola y Log\u00edstica Territorial COMMODITIES Log\u00edstica Territorial PRODUCCI\u00d3N DE MIEL Cambio Clim\u00e1tico Prospecci\u00f3n Investigaci\u00f3n Autores Dr. Ariel V\u00e1zquez Elorza M.A. Itzel Karina Mart\u00ednez L\u00f3pez M.C. Esteban Orej\u00f3n Garc\u00eda M.C. Luis Jes\u00fas Lozano Resumen ejecutivo del laboratorio El Laboratorio de Prospecci\u00f3n en Econom\u00eda Agr\u00edcola y Log\u00edstica Territorial de la UAAAN [&hellip;]<\/p>\n","protected":false},"author":1,"featured_media":0,"parent":0,"menu_order":0,"comment_status":"closed","ping_status":"closed","template":"elementor_header_footer","meta":{"footnotes":""},"class_list":["post-176","page","type-page","status-publish","hentry"],"_links":{"self":[{"href":"https:\/\/labeconomia.uaaan.edu.mx\/index.php\/wp-json\/wp\/v2\/pages\/176","targetHints":{"allow":["GET"]}}],"collection":[{"href":"https:\/\/labeconomia.uaaan.edu.mx\/index.php\/wp-json\/wp\/v2\/pages"}],"about":[{"href":"https:\/\/labeconomia.uaaan.edu.mx\/index.php\/wp-json\/wp\/v2\/types\/page"}],"author":[{"embeddable":true,"href":"https:\/\/labeconomia.uaaan.edu.mx\/index.php\/wp-json\/wp\/v2\/users\/1"}],"replies":[{"embeddable":true,"href":"https:\/\/labeconomia.uaaan.edu.mx\/index.php\/wp-json\/wp\/v2\/comments?post=176"}],"version-history":[{"count":66,"href":"https:\/\/labeconomia.uaaan.edu.mx\/index.php\/wp-json\/wp\/v2\/pages\/176\/revisions"}],"predecessor-version":[{"id":630,"href":"https:\/\/labeconomia.uaaan.edu.mx\/index.php\/wp-json\/wp\/v2\/pages\/176\/revisions\/630"}],"wp:attachment":[{"href":"https:\/\/labeconomia.uaaan.edu.mx\/index.php\/wp-json\/wp\/v2\/media?parent=176"}],"curies":[{"name":"wp","href":"https:\/\/api.w.org\/{rel}","templated":true}]}}